{"id":155,"date":"2018-11-09T06:26:37","date_gmt":"2018-11-09T06:26:37","guid":{"rendered":"http:\/\/itsvietimas.vgtu.lt\/?page_id=155"},"modified":"2020-01-23T07:43:48","modified_gmt":"2020-01-23T07:43:48","slug":"aktualijos","status":"publish","type":"page","link":"https:\/\/itsvietimas.vilniustech.lt\/?page_id=155","title":{"rendered":"Aktualijos"},"content":{"rendered":"<table style=\"width: 100%; height: 44px; border-collapse: collapse;\" border=\"1\">\n<tbody>\n<tr style=\"height: 22px;\">\n<td style=\"width: 50%; height: 22px;\"><span style=\"font-size: 14pt;\"><strong>Konkursai:<\/strong><\/span><\/p>\n<ul>\n<li><a href=\"http:\/\/www.superit.lt\/konkursas\/\" target=\"_blank\" rel=\"noopener\">\u201ePie\u0161inys\u00a0\u2013 matematikos u\u017edavinys\u201c;<\/a><\/li>\n<li><a href=\"http:\/\/www.itmanija.vilnius.lm.lt\/\">\u201eIT manija\u201c<\/a>;<\/li>\n<li><a href=\"http:\/\/www.pvileisis.vilnius.lm.lt\/\" target=\"_blank\" rel=\"noopener\">\u201eKal\u0117dinis \u017eaisliukas\u201c;<\/a><\/li>\n<li><a href=\"http:\/\/bebras.lt\/\" target=\"_blank\" rel=\"noopener\">\u201eBebras\u201c;<\/a><\/li>\n<li><a href=\"http:\/\/kaledos.nkkm.lt\/\" target=\"_blank\" rel=\"noopener\">\u201e\u017diemos fantazija\u201c;<\/a><\/li>\n<li><a href=\"http:\/\/www.kompiuteriukai.lt\/klase\/anketa\/\" target=\"_blank\" rel=\"noopener\">\u201eMicro: bit\u201c;<\/a><\/li>\n<li><a href=\"http:\/\/www.kompiuteriukai.lt\/klase\/anketa\/\" target=\"_blank\" rel=\"noopener\">\u201e<\/a><a href=\"https:\/\/microbitvarzybos.lt\/\" target=\"_blank\" rel=\"noopener\">micro: var\u017eybos<\/a><a href=\"http:\/\/www.kompiuteriukai.lt\/klase\/anketa\/\" target=\"_blank\" rel=\"noopener\">\u201c<\/a><a href=\"https:\/\/microbitvarzybos.lt\/\" target=\"_blank\" rel=\"noopener\">.<\/a><\/li>\n<\/ul>\n<\/td>\n<td style=\"width: 50%; height: 22px;\"><span style=\"font-size: 14pt;\"><strong>Facebook grup\u0117s:<\/strong><\/span><\/p>\n<ul>\n<li><a href=\"https:\/\/www.facebook.com\/vitmok\/\" target=\"_blank\" rel=\"noopener\">Vilniaus informatikos mokytojai;<\/a><\/li>\n<li><a href=\"https:\/\/www.facebook.com\/groups\/IKTpamokoje\/\" target=\"_blank\" rel=\"noopener\">IKT pamokoje.<\/a><\/li>\n<\/ul>\n<p><span style=\"font-size: 14pt;\"><strong>Renginiai Vilniuje:<\/strong><\/span><\/p>\n<ul>\n<li><a href=\"https:\/\/kalendorius.vilnius.lt\/\" target=\"_blank\" rel=\"noopener\">Rengini\u0173 kalendorius.<\/a><\/li>\n<\/ul>\n<\/td>\n<\/tr>\n<tr style=\"height: 22px;\">\n<td style=\"width: 50%; height: 22px;\"><span style=\"font-size: 14pt;\"><strong>Kita:<\/strong><\/span><\/p>\n<ul>\n<li><a href=\"https:\/\/www.upc.smm.lt\/\" target=\"_blank\" rel=\"noopener\">Ugdymo pl\u0117tot\u0117s centras;<\/a><\/li>\n<li><a href=\"http:\/\/www.nec.lt\/544\/\" target=\"_blank\" rel=\"noopener\">Nacionalinis egzamin\u0173 centras;<\/a><\/li>\n<li><a href=\"http:\/\/www.smm.lt\/\" target=\"_blank\" rel=\"noopener\">\u0160vietimo ir mokslo ministerija;<\/a><\/li>\n<li><a href=\"http:\/\/www.lmio.mii.vu.lt\/\" target=\"_blank\" rel=\"noopener\">Olimpiados;<\/a><\/li>\n<li><a href=\"https:\/\/sodas.ugdome.lt\/\" target=\"_blank\" rel=\"noopener\">Ugdymo sodas;<\/a><\/li>\n<li><a href=\"https:\/\/www.draugiskasinternetas.lt\/lt\" target=\"_blank\" rel=\"noopener\">Draugi\u0161kas internetas;<\/a><\/li>\n<li><a href=\"http:\/\/itsvietimas.vgtu.lt\/wp-content\/uploads\/2018\/11\/Ugdymo-turinio-atnaujinimo-gair\u0117s_2018-10-24-1.docx\" target=\"_blank\" rel=\"noopener\">Ugdymo turinio atnaujinimo gair\u0117s;<\/a><\/li>\n<li><a href=\"https:\/\/www.esafetylabel.eu\/\" target=\"_blank\" rel=\"noopener\">eSafety Label;<\/a><\/li>\n<li><a href=\"https:\/\/www.liks.lt\/\" target=\"_blank\" rel=\"noopener\">Lietuvos kompiuterinink\u0173 s\u0105junga;<\/a><\/li>\n<li><a href=\"https:\/\/auguinternete.lt\/\" target=\"_blank\" rel=\"noopener\">Augu internete.<\/a><\/li>\n<\/ul>\n<\/td>\n<td style=\"width: 50%; height: 22px;\"><span style=\"font-size: 14pt;\"><strong>Nemokami kursai:<\/strong><\/span><\/p>\n<ul>\n<li><a href=\"https:\/\/www.europeanschoolnetacademy.eu\/web\/guest\/courses\" target=\"_blank\" rel=\"noopener\">European Schoolnet Academy;<\/a><\/li>\n<li><a href=\"https:\/\/www.schooleducationgateway.eu\/en\/pub\/index.htm\" target=\"_blank\" rel=\"noopener\">School Education Gateway;<\/a><\/li>\n<li><a href=\"http:\/\/ekursai.langasiateiti.lt\/cms\/app;jsessionid=C341834FF4EBB4CF6381F197728FA253.worker?service=external\/index&amp;sp=6123&amp;sp=5422\" target=\"_blank\" rel=\"noopener\">Langas \u012f ateit\u012f.<\/a><\/li>\n<\/ul>\n<p><span style=\"font-size: 14pt;\"><strong>Mokiniams:<\/strong><\/span><\/p>\n<ul style=\"list-style-type: square;\">\n<li><a href=\"https:\/\/www.vgtu.lt\/stojantiesiems\/moksleiviams\/447\">VGTU veiklos.<\/a><\/li>\n<\/ul>\n<\/td>\n<\/tr>\n<\/tbody>\n<\/table>\n<p>&nbsp;<\/p>\n<p>&nbsp;<\/p>\n<p>&nbsp;<\/p>\n","protected":false},"excerpt":{"rendered":"<p>Konkursai: \u201ePie\u0161inys\u00a0\u2013 matematikos u\u017edavinys\u201c; \u201eIT manija\u201c; \u201eKal\u0117dinis \u017eaisliukas\u201c; \u201eBebras\u201c; \u201e\u017diemos fantazija\u201c; \u201eMicro: bit\u201c; \u201emicro: var\u017eybos\u201c. Facebook grup\u0117s: Vilniaus informatikos mokytojai; IKT pamokoje. Renginiai Vilniuje: Rengini\u0173 kalendorius. Kita: Ugdymo pl\u0117tot\u0117s centras; Nacionalinis egzamin\u0173 centras; \u0160vietimo ir mokslo ministerija; Olimpiados; Ugdymo sodas; Draugi\u0161kas internetas; Ugdymo turinio atnaujinimo gair\u0117s; eSafety Label; Lietuvos kompiuterinink\u0173 s\u0105junga; Augu internete. Nemokami kursai: <a class=\"read-more\" href=\"https:\/\/itsvietimas.vilniustech.lt\/?page_id=155\">Pla\u010diau&#8230;<\/a><\/p>\n","protected":false},"author":1,"featured_media":0,"parent":0,"menu_order":0,"comment_status":"closed","ping_status":"closed","template":"","meta":{"footnotes":""},"_links":{"self":[{"href":"https:\/\/itsvietimas.vilniustech.lt\/index.php?rest_route=\/wp\/v2\/pages\/155"}],"collection":[{"href":"https:\/\/itsvietimas.vilniustech.lt\/index.php?rest_route=\/wp\/v2\/pages"}],"about":[{"href":"https:\/\/itsvietimas.vilniustech.lt\/index.php?rest_route=\/wp\/v2\/types\/page"}],"author":[{"embeddable":true,"href":"https:\/\/itsvietimas.vilniustech.lt\/index.php?rest_route=\/wp\/v2\/users\/1"}],"replies":[{"embeddable":true,"href":"https:\/\/itsvietimas.vilniustech.lt\/index.php?rest_route=%2Fwp%2Fv2%2Fcomments&post=155"}],"version-history":[{"count":19,"href":"https:\/\/itsvietimas.vilniustech.lt\/index.php?rest_route=\/wp\/v2\/pages\/155\/revisions"}],"predecessor-version":[{"id":255,"href":"https:\/\/itsvietimas.vilniustech.lt\/index.php?rest_route=\/wp\/v2\/pages\/155\/revisions\/255"}],"wp:attachment":[{"href":"https:\/\/itsvietimas.vilniustech.lt\/index.php?rest_route=%2Fwp%2Fv2%2Fmedia&parent=155"}],"curies":[{"name":"wp","href":"https:\/\/api.w.org\/{rel}","templated":true}]}}