{"id":27,"date":"2018-10-17T08:28:00","date_gmt":"2018-10-17T07:28:00","guid":{"rendered":"http:\/\/itsvietimas.vgtu.lt\/?page_id=27"},"modified":"2019-04-24T06:21:09","modified_gmt":"2019-04-24T05:21:09","slug":"pranesimai","status":"publish","type":"page","link":"https:\/\/itsvietimas.vilniustech.lt\/?page_id=27","title":{"rendered":"Prane\u0161imai"},"content":{"rendered":"<ol>\n<li><a href=\"http:\/\/itsvietimas.vgtu.lt\/wp-content\/uploads\/2018\/11\/BSkupas_kod\u0117l_IT_mokytojams_reikalingas_platesnis_i\u0161silavinimas.pdf\" target=\"_blank\" rel=\"noopener\">Kod\u0117l IT mokytojams reikia platesnio i\u0161silavinimo?<\/a> (<em>Bronius Sk\u016bpas<\/em>)<\/li>\n<li><a href=\"http:\/\/itsvietimas.vgtu.lt\/wp-content\/uploads\/2018\/11\/EJakas_VGTU_IT_mokykla.pdf\" target=\"_blank\" rel=\"noopener\">VGTU IT mokykla<\/a> (<em>Eimantas Jakas<\/em>)<\/li>\n<li><a href=\"http:\/\/itsvietimas.vgtu.lt\/wp-content\/uploads\/2018\/11\/GMontrimiene_Informacin\u0117s_visuomen\u0117s_dabartis_ir_ateitis.pdf\" target=\"_blank\" rel=\"noopener\">Informacin\u0117s visuomen\u0117s dabartis ir ateitis<\/a> (<em>Gra\u017eina Montrimien\u0117<\/em>)<\/li>\n<li><a href=\"http:\/\/itsvietimas.vgtu.lt\/wp-content\/uploads\/2018\/11\/GSereika_DLuotien\u0117_VGapsevi\u010dius_Integralus_in\u017einerinis_ugdymas-.pdf\" target=\"_blank\" rel=\"noopener\">Integralus in\u017einerinis ugdymas \u2013 naujos mokymo galimyb\u0117s ugdymo procese<\/a> (<em>Dolita Luotien\u0117, Gintaras Sereika, Valdas Gapsevi\u010dius<\/em>)<\/li>\n<li><a href=\"http:\/\/itsvietimas.vgtu.lt\/wp-content\/uploads\/2018\/11\/HMykolaitis_VGTU_ateities_in\u017einerija.pdf\" target=\"_blank\" rel=\"noopener\">VGTU ateities in\u017einerija<\/a> (<em>Henrikas Mykolaitis<\/em>)<\/li>\n<li><a href=\"http:\/\/itsvietimas.vgtu.lt\/wp-content\/uploads\/2018\/11\/JRimkuviene_Geoinformacijos_technologijos_priemon\u0117s_ir_turinys.pdf\" target=\"_blank\" rel=\"noopener\">Geoinformacijos technologijos \u2013 priemon\u0117s ir turinys informatikos pamokai<\/a> (<em>Jurgita Rimkuvien\u0117<\/em>)<\/li>\n<li><a href=\"http:\/\/itsvietimas.vgtu.lt\/wp-content\/uploads\/2018\/11\/JValatkevi\u010dien\u0117_Potyriai_ruo\u0161iant_-pirm\u0105j\u012f_IT_BD.pdf\" target=\"_blank\" rel=\"noopener\">Potyriai ruo\u0161iant pirm\u0105j\u012f informacini\u0173 technologij\u0173 brandos darb\u0105<\/a> (<em>J\u016brat\u0117 Valatkevi\u010dien\u0117<\/em>)<\/li>\n<li><a href=\"http:\/\/itsvietimas.vgtu.lt\/wp-content\/uploads\/2018\/11\/MRamanauskas_Automatinio_programavimo_u\u017edavini\u0173_tikrinimo_sistema.pdf\" target=\"_blank\" rel=\"noopener\">Automatinio programavimo u\u017edavini\u0173 tikrinimo sistemos taikymo VGTU patirtis: privalumai bei tr\u016bkumai<\/a> (<em>Mykolas Ramanauskas<\/em>)<\/li>\n<li><a href=\"http:\/\/itsvietimas.vgtu.lt\/wp-content\/uploads\/2018\/11\/N\u010ceikien\u0117_Mokini\u0173_pasirengimo_-IT_srityje_lygis.pdf\" target=\"_blank\" rel=\"noopener\">Mokini\u0173, pasirinkusi\u0173 informatikos moksl\u0173 studijas, pasirengimo IT srityje lygis<\/a> (<em>Nijol\u0117 \u010ceikien\u0117<\/em>)<\/li>\n<li><a href=\"http:\/\/itsvietimas.vgtu.lt\/wp-content\/uploads\/2018\/11\/N\u0160vaibovi\u010d_3D_objekt\u0173_-k\u016brimas.pdf\" target=\"_blank\" rel=\"noopener\">3D objekt\u0173 k\u016brimas \u201eTinkerCad\u201c aplinkoje<\/a> (<em>Natalja \u0160vaibovi\u010d<\/em>)<\/li>\n<li><a href=\"http:\/\/itsvietimas.vgtu.lt\/wp-content\/uploads\/2018\/11\/PStefanovi\u010d_ArchiCAD_taikymas_mokini\u0173_projektin\u0117je_veikloje.pdf\" target=\"_blank\" rel=\"noopener\">ArchiCAD taikymas mokini\u0173 projektin\u0117je veikloje<\/a> (<em>Pavel Stefanovi\u010d<\/em>)<\/li>\n<li><a href=\"http:\/\/itsvietimas.vgtu.lt\/wp-content\/uploads\/2018\/11\/SIvanikovas_Alternatyvios_programavimo_aplinkos.pdf\" target=\"_blank\" rel=\"noopener\">Alternatyvios programavimo aplinkos (Code.org, Scratch, AppInventor, MicroBit, Lego robotai)<\/a> (<em>Serg\u0117jus Ivanikovas<\/em>)<\/li>\n<li><a href=\"http:\/\/itsvietimas.vgtu.lt\/wp-content\/uploads\/2018\/11\/SLikiene_Patirtis_dirbant_Europos_mokykloje.pdf\" target=\"_blank\" rel=\"noopener\">Patirtis dirbant Europos mokykloje Briuselyje<\/a> (<em>Sonata Likien\u0117<\/em>)<\/li>\n<li><a href=\"http:\/\/itsvietimas.vgtu.lt\/wp-content\/uploads\/2018\/11\/TPukas_Ateitis_prasideda_\u0161iandien.pdf\" target=\"_blank\" rel=\"noopener\">Ateitis prasideda \u0161iandien: integruoti skaitmeniniai sprendimai \u0161iuolaikinei mokini\u0173 kartai<\/a> (<em>Tadas Pukas<\/em>)<\/li>\n<li><a href=\"http:\/\/itsvietimas.vgtu.lt\/wp-content\/uploads\/2018\/11\/TStasiukaitis_Veidai_Kaip_-\u012ftraukti_\u012f_mokymosi_proces\u0105.pdf\" target=\"_blank\" rel=\"noopener\">Veidai \/ Kaip \u012ftraukti \u012f mokymosi proces\u0105<\/a> (<em>Tomas Stasiukaitis<\/em>)<\/li>\n<li><a href=\"http:\/\/itsvietimas.vgtu.lt\/wp-content\/uploads\/2018\/11\/VBernotien\u0117_Studijavimo_galimyb\u0117s_VGTU.pdf\">Studijavimo galimyb\u0117s VGTU universitete<\/a> (<em>Valerija Bernotien\u0117<\/em>)<\/li>\n<li><a href=\"http:\/\/itsvietimas.vgtu.lt\/wp-content\/uploads\/2018\/11\/VPauk\u0161t\u0117_IKT_Ventspilio_konkursas_moksleiviams.pdf\" target=\"_blank\" rel=\"noopener\">IKT Ventspilio konkursas moksleiviams \u201eVentspilio IT i\u0161\u0161\u016bkis 2017\u201d<\/a> (<em>Vaida Pauk\u0161t\u0117<\/em>)<\/li>\n<\/ol>\n<style id=\"bwg-style-0\">    #bwg_container1_0 #bwg_container2_0 .bwg-container-0.bwg-standard-thumbnails {      width: 404px;              justify-content: center;        margin:0 auto !important;              background-color: rgba(255, 255, 255, 0.00);            padding-left: 4px;      padding-top: 4px;      max-width: 100%;            }        #bwg_container1_0 #bwg_container2_0 .bwg-container-0.bwg-standard-thumbnails .bwg-item {    justify-content: flex-start;      max-width: 400px;          }    #bwg_container1_0 #bwg_container2_0 .bwg-container-0.bwg-standard-thumbnails .bwg-item a {       margin-right: 4px;       margin-bottom: 4px;    }    #bwg_container1_0 #bwg_container2_0 .bwg-container-0.bwg-standard-thumbnails .bwg-item0 {      padding: 0px;            background-color:rgba(0,0,0, 0.30);      border: 0px none #CCCCCC;      opacity: 1.00;      border-radius: 0;      box-shadow: ;    }    #bwg_container1_0 #bwg_container2_0 .bwg-container-0.bwg-standard-thumbnails .bwg-item1 img {      max-height: none;      max-width: none;      padding: 0 !important;    }         @media only screen and (min-width: 480px) {\t\t#bwg_container1_0 #bwg_container2_0 .bwg-container-0.bwg-standard-thumbnails .bwg-item1 img {\t\t\t-webkit-transition: all .3s; transition: all .3s;\t\t}\t\t#bwg_container1_0 #bwg_container2_0 .bwg-container-0.bwg-standard-thumbnails .bwg-item1 img:hover {\t\t\t-ms-transform: scale(1.08);\t\t\t-webkit-transform: scale(1.08);\t\t\ttransform: scale(1.08);\t\t}\t\t\t\t.bwg-standard-thumbnails .bwg-zoom-effect .bwg-zoom-effect-overlay {\t\t\t\t\t\tbackground-color:rgba(0,0,0, 0.3);\t\t}\t\t.bwg-standard-thumbnails .bwg-zoom-effect:hover img {\t\t\t-ms-transform: scale(1.08);\t\t\t-webkit-transform: scale(1.08);\t\t\ttransform: scale(1.08);\t\t}\t\t      }\t    #bwg_container1_0 #bwg_container2_0 .bwg-container-0.bwg-standard-thumbnails .bwg-item1 {      padding-top: 150%;    }        #bwg_container1_0 #bwg_container2_0 .bwg-container-0.bwg-standard-thumbnails .bwg-title1 {      position: absolute;      top: 0;      z-index: 100;      width: 100%;      height: 100%;      display: flex;      justify-content: center;      align-content: center;      flex-direction: column;      opacity: 0;    }\t      #bwg_container1_0 #bwg_container2_0 .bwg-container-0.bwg-standard-thumbnails .bwg-title2,    #bwg_container1_0 #bwg_container2_0 .bwg-container-0.bwg-standard-thumbnails .bwg-ecommerce2 {      color: #FFFFFF;      font-family: Ubuntu;      font-size: 16px;      font-weight: bold;      padding: 2px;      text-shadow: ;      max-height: 100%;    }    #bwg_container1_0 #bwg_container2_0 .bwg-container-0.bwg-standard-thumbnails .bwg-thumb-description span {    color: #323A45;    font-family: Ubuntu;    font-size: 12px;    max-height: 100%;    word-wrap: break-word;    }    #bwg_container1_0 #bwg_container2_0 .bwg-container-0.bwg-standard-thumbnails .bwg-play-icon2 {      font-size: 32px;    }    #bwg_container1_0 #bwg_container2_0 .bwg-container-0.bwg-standard-thumbnails .bwg-ecommerce2 {      font-size: 19.2px;      color: #323A45;    }    <\/style>    <div id=\"bwg_container1_0\"         class=\"bwg_container bwg_thumbnail bwg_thumbnails \"         data-right-click-protection=\"0\"         data-bwg=\"0\"         data-scroll=\"0\"         data-gallery-type=\"thumbnails\"         data-gallery-view-type=\"thumbnails\"         data-current-url=\"\/index.php?rest_route=%2Fwp%2Fv2%2Fpages%2F27\"         data-lightbox-url=\"https:\/\/itsvietimas.vilniustech.lt\/wp-admin\/admin-ajax.php?action=GalleryBox&#038;current_view=0&#038;gallery_id=5&#038;tag=0&#038;theme_id=1&#038;shortcode_id=7&#038;sort_by=order&#038;order_by=asc&#038;current_url=%2Findex.php%3Frest_route%3D%252Fwp%252Fv2%252Fpages%252F27\"         data-gallery-id=\"5\"         data-popup-width=\"800\"         data-popup-height=\"500\"         data-is-album=\"gallery\"         data-buttons-position=\"bottom\">      <div id=\"bwg_container2_0\">             <div id=\"ajax_loading_0\" class=\"bwg_loading_div_1\">      <div class=\"bwg_loading_div_2\">        <div class=\"bwg_loading_div_3\">          <div id=\"loading_div_0\" class=\"bwg_spider_ajax_loading\">          <\/div>        <\/div>      <\/div>    <\/div>            <form id=\"gal_front_form_0\"              class=\"bwg-hidden\"              method=\"post\"              action=\"#\"              data-current=\"0\"              data-shortcode-id=\"7\"              data-gallery-type=\"thumbnails\"              data-gallery-id=\"5\"              data-tag=\"0\"              data-album-id=\"0\"              data-theme-id=\"1\"              data-ajax-url=\"https:\/\/itsvietimas.vilniustech.lt\/wp-admin\/admin-ajax.php?action=bwg_frontend_data\">          <div id=\"bwg_container3_0\" class=\"bwg-background bwg-background-0\">                <div data-max-count=\"1\"         data-thumbnail-width=\"400\"         data-bwg=\"0\"         data-gallery-id=\"5\"         data-lightbox-url=\"https:\/\/itsvietimas.vilniustech.lt\/wp-admin\/admin-ajax.php?action=GalleryBox&amp;current_view=0&amp;gallery_id=5&amp;tag=0&amp;theme_id=1&amp;shortcode_id=7&amp;sort_by=order&amp;order_by=asc&amp;current_url=%2Findex.php%3Frest_route%3D%252Fwp%252Fv2%252Fpages%252F27\"         id=\"bwg_thumbnails_0\"         class=\"bwg-container-0 bwg-thumbnails bwg-standard-thumbnails bwg-container bwg-border-box\">            <div class=\"bwg-item\">        <a class=\"bwg-a  bwg_lightbox\"  data-image-id=\"59\" href=\"https:\/\/itsvietimas.vilniustech.lt\/wp-content\/uploads\/photo-gallery\/ITS_2018\/IT_2018_programa\/Programa_2018.png?bwg=1556083203\" data-elementor-open-lightbox=\"no\">                <div class=\"bwg-item0 \">          <div class=\"bwg-item1 bwg-zoom-effect\">            <div class=\"bwg-item2\">              <img decoding=\"async\" class=\"skip-lazy bwg_standart_thumb_img_0 \"                   data-id=\"59\"                   data-width=\"\"                   data-height=\"\"                   data-src=\"https:\/\/itsvietimas.vilniustech.lt\/wp-content\/uploads\/photo-gallery\/ITS_2018\/IT_2018_programa\/thumb\/Programa_2018.png?bwg=1556083203\"                   src=\"https:\/\/itsvietimas.vilniustech.lt\/wp-content\/uploads\/photo-gallery\/ITS_2018\/IT_2018_programa\/thumb\/Programa_2018.png?bwg=1556083203\"                   alt=\"Programa 2018\"                   title=\"Programa 2018\" \/>            <\/div>            <div class=\"bwg-zoom-effect-overlay\">              <div class=\"bwg-title1\"><div class=\"bwg-title2\">Programa 2018<\/div><\/div>                                        <\/div>          <\/div>        <\/div>                        <\/a>              <\/div>          <\/div>    <style>      \/*pagination styles*\/      #bwg_container1_0 #bwg_container2_0 .tablenav-pages_0 {\t\t\t\ttext-align: center;\t\t\t\tfont-size: 12px;\t\t\t\tfont-family: Ubuntu;\t\t\t\tfont-weight: bold;\t\t\t\tcolor: #666666;\t\t\t\tmargin: 6px 0 4px;\t\t\t\tdisplay: block;      }      @media only screen and (max-width : 320px) {      #bwg_container1_0 #bwg_container2_0 .displaying-num_0 {     \t display: none;      }      }      #bwg_container1_0 #bwg_container2_0 .displaying-num_0 {\t\t\t\tfont-size: 12px;\t\t\t\tfont-family: Ubuntu;\t\t\t\tfont-weight: bold;\t\t\t\tcolor: #666666;\t\t\t\tmargin-right: 10px;\t\t\t\tvertical-align: middle;      }      #bwg_container1_0 #bwg_container2_0 .paging-input_0 {\t\t\t\tfont-size: 12px;\t\t\t\tfont-family: Ubuntu;\t\t\t\tfont-weight: bold;\t\t\t\tcolor: #666666;\t\t\t\tvertical-align: middle;      }      #bwg_container1_0 #bwg_container2_0 .tablenav-pages_0 a.disabled,      #bwg_container1_0 #bwg_container2_0 .tablenav-pages_0 a.disabled:hover,      #bwg_container1_0 #bwg_container2_0 .tablenav-pages_0 a.disabled:focus,\t\t\t#bwg_container1_0 #bwg_container2_0 .tablenav-pages_0 input.bwg_current_page {\t\t\t\tcursor: default;\t\t\t\tcolor: rgba(102, 102, 102, 0.5);      }      #bwg_container1_0 #bwg_container2_0 .tablenav-pages_0 a,      #bwg_container1_0 #bwg_container2_0 .tablenav-pages_0 input.bwg_current_page {\t\t\t\tcursor: pointer;\t\t\t\ttext-align: center;\t\t\t\tfont-size: 12px;\t\t\t\tfont-family: Ubuntu;\t\t\t\tfont-weight: bold;\t\t\t\tcolor: #666666;\t\t\t\ttext-decoration: none;\t\t\t\tpadding: 3px 6px;\t\t\t\tmargin: 0;\t\t\t\tborder-radius: 0;\t\t\t\tborder-style: solid;\t\t\t\tborder-width: 1px;\t\t\t\tborder-color: #E3E3E3;\t\t\t\t\t\t\t\tbackground-color: rgba(255, 255, 255, 1.00);\t\t\t\tbox-shadow: 0;\t\t\t\ttransition: all 0.3s ease 0s;-webkit-transition: all 0.3s ease 0s;      }      <\/style>      <span class=\"bwg_nav_cont_0\">              <div class=\"tablenav-pages_0\">                  <\/div>                <input type=\"hidden\" id=\"page_number_0\" name=\"page_number_0\" value=\"1\" \/>      <script type=\"text\/javascript\">        if( jQuery('.bwg_nav_cont_0').length > 1 ) {          jQuery('.bwg_nav_cont_0').first().remove()        }        function spider_page_0(cur, x, y, load_more) {          if (typeof load_more == \"undefined\") {            var load_more = false;          }          if (jQuery(cur).hasClass('disabled')) {            return false;          }          var items_county_0 = 1;          switch (y) {            case 1:              if (x >= items_county_0) {                document.getElementById('page_number_0').value = items_county_0;              }              else {                document.getElementById('page_number_0').value = x + 1;              }              break;            case 2:              document.getElementById('page_number_0').value = items_county_0;              break;            case -1:              if (x == 1) {                document.getElementById('page_number_0').value = 1;              }              else {                document.getElementById('page_number_0').value = x - 1;              }              break;            case -2:              document.getElementById('page_number_0').value = 1;              break;\t\t\t\t\t\tcase 0:              document.getElementById('page_number_0').value = x;              break;            default:              document.getElementById('page_number_0').value = 1;          }          bwg_ajax('gal_front_form_0', '0', 'bwg_thumbnails_0', '0', '', 'gallery', 0, '', '', load_more, '', 1);        }                    jQuery('.first-page-0').on('click', function () {              spider_page_0(this, 1, -2, 'numeric');              return false;            });            jQuery('.prev-page-0').on('click', function () {              spider_page_0(this, 1, -1, 'numeric');              return false;            });            jQuery('.next-page-0').on('click', function () {              spider_page_0(this, 1, 1, 'numeric');              return false;            });            jQuery('.last-page-0').on('click', function () {              spider_page_0(this, 1, 2, 'numeric');              return false;            });        \t\t\t\t\/* Change page on input enter. *\/        function bwg_change_page_0( e, that ) {          if (  e.key == 'Enter' ) {            var to_page = parseInt(jQuery(that).val());            var pages_count = jQuery(that).parents(\".pagination-links\").data(\"pages-count\");            var current_url_param = jQuery(that).attr('data-url-info');            if (to_page > pages_count) {              to_page = 1;            }\t \t\t\t\t\t\t\t\t\t\t\t\tspider_page_0(this, to_page, 0, 'numeric');\t\t\t\t\t\t\treturn false;\t\t\t\t\t\t          }          return true;        }        jQuery('.bwg_load_btn_0').on('click', function () {            spider_page_0(this, 1, 1, true);            return false;        });      <\/script>      <\/span>                <\/div>        <\/form>        <style>          #bwg_container1_0 #bwg_container2_0 #spider_popup_overlay_0 {          background-color: #EEEEEE;          opacity: 0.60;          }          <\/style>        <div id=\"bwg_spider_popup_loading_0\" class=\"bwg_spider_popup_loading\"><\/div>        <div id=\"spider_popup_overlay_0\" class=\"spider_popup_overlay\" onclick=\"spider_destroypopup(1000)\"><\/div>        <input type=\"hidden\" id=\"bwg_random_seed_0\" value=\"1841729720\">                <\/div>    <\/div>    <script>      if (document.readyState === 'complete') {        if( typeof bwg_main_ready == 'function' ) {          if ( jQuery(\"#bwg_container1_0\").height() ) {            bwg_main_ready(jQuery(\"#bwg_container1_0\"));          }        }      } else {        document.addEventListener('DOMContentLoaded', function() {          if( typeof bwg_main_ready == 'function' ) {            if ( jQuery(\"#bwg_container1_0\").height() ) {             bwg_main_ready(jQuery(\"#bwg_container1_0\"));            }          }        });      }    <\/script>    \n","protected":false},"excerpt":{"rendered":"<p>Kod\u0117l IT mokytojams reikia platesnio i\u0161silavinimo? (Bronius Sk\u016bpas) VGTU IT mokykla (Eimantas Jakas) Informacin\u0117s visuomen\u0117s dabartis ir ateitis (Gra\u017eina Montrimien\u0117) Integralus in\u017einerinis ugdymas \u2013 naujos mokymo galimyb\u0117s ugdymo procese (Dolita Luotien\u0117, Gintaras Sereika, Valdas Gapsevi\u010dius) VGTU ateities in\u017einerija (Henrikas Mykolaitis) Geoinformacijos technologijos \u2013 priemon\u0117s ir turinys informatikos pamokai (Jurgita Rimkuvien\u0117) Potyriai ruo\u0161iant pirm\u0105j\u012f informacini\u0173 technologij\u0173 <a class=\"read-more\" href=\"https:\/\/itsvietimas.vilniustech.lt\/?page_id=27\">Pla\u010diau&#8230;<\/a><\/p>\n","protected":false},"author":1,"featured_media":0,"parent":0,"menu_order":0,"comment_status":"closed","ping_status":"closed","template":"","meta":{"footnotes":""},"_links":{"self":[{"href":"https:\/\/itsvietimas.vilniustech.lt\/index.php?rest_route=\/wp\/v2\/pages\/27"}],"collection":[{"href":"https:\/\/itsvietimas.vilniustech.lt\/index.php?rest_route=\/wp\/v2\/pages"}],"about":[{"href":"https:\/\/itsvietimas.vilniustech.lt\/index.php?rest_route=\/wp\/v2\/types\/page"}],"author":[{"embeddable":true,"href":"https:\/\/itsvietimas.vilniustech.lt\/index.php?rest_route=\/wp\/v2\/users\/1"}],"replies":[{"embeddable":true,"href":"https:\/\/itsvietimas.vilniustech.lt\/index.php?rest_route=%2Fwp%2Fv2%2Fcomments&post=27"}],"version-history":[{"count":6,"href":"https:\/\/itsvietimas.vilniustech.lt\/index.php?rest_route=\/wp\/v2\/pages\/27\/revisions"}],"predecessor-version":[{"id":145,"href":"https:\/\/itsvietimas.vilniustech.lt\/index.php?rest_route=\/wp\/v2\/pages\/27\/revisions\/145"}],"wp:attachment":[{"href":"https:\/\/itsvietimas.vilniustech.lt\/index.php?rest_route=%2Fwp%2Fv2%2Fmedia&parent=27"}],"curies":[{"name":"wp","href":"https:\/\/api.w.org\/{rel}","templated":true}]}}